{"id":2011,"date":"2021-04-07T08:53:30","date_gmt":"2021-04-07T08:53:30","guid":{"rendered":"http:\/\/localhost\/brookhill\/covid-19\/"},"modified":"2021-06-24T13:56:07","modified_gmt":"2021-06-24T13:56:07","slug":"covid-19","status":"publish","type":"page","link":"https:\/\/www.brookhillkindergarten.edu.rs\/sr\/covid-19\/","title":{"rendered":"Covid-19"},"content":{"rendered":"\n<h2 class=\"wp-block-heading\">Plan bezbednosti i prevencije<\/h2>\n\n\n\n<h6 class=\"wp-block-heading\">Va\u017eno je da svi zajedno radimo kako bismo spre\u010dili \u0161irenje virusa i ostali sigurni u \u0161koli<\/h6>\n\n\n\n<h3 class=\"wp-block-heading\">Fizi\u010dko distanciranje<\/h3>\n\n\n\n<ul class=\"wp-block-list\"><li>Odr\u017eavajte sigurnu udaljenost (u\u010dionice, kafeterija, hodnici, bilo gde na \u0161kolskom terenu)<\/li><li>Za ru\u010dak koristite sistem \u010dekanja u redu i slu\u0161ajte de\u017eurnog nastavnika<\/li><li>Izbegavajte dodirivanje<\/li><\/ul>\n\n\n\n<h3 class=\"wp-block-heading\">\u0160ta da radim ako se ne ose\u0107am dobro?<\/h3>\n\n\n\n<ul class=\"wp-block-list\"><li>Stay home if you have any symptoms of<ul><li>Groznica<\/li><li>Ka\u0161alj<\/li><li>Ote\u017eano disanje<\/li><li>Gubitak ukusa i \/ ili mirisa<\/li><li>Jeza<\/li><li>Upaljeno grlo<\/li><li>Curenje iz nosa<\/li><li>Glavobolja<\/li><li>Bol u mi\u0161i\u0107ima<\/li><li>Gastrointestinalni simptomi<\/li><\/ul><\/li><\/ul>\n\n\n\n<ul class=\"wp-block-list\"><li>Umesto toga, mo\u017eete se pridru\u017eiti onlajn lekciji!<\/li><li>Ako vam je lo\u0161e u \u0161koli, odmah se javite u\u010ditelju \/ kancelariji<\/li><li>\u0160kolsko osoblje svakodnevno \u0107e proveravati va\u0161u temperaturu pre nego \u0161to u\u0111ete u zgradu, i ako imate visoku temperaturu, roditelji \u0107e biti pozvani da vas preuzmu<\/li><\/ul>\n\n\n\n<h3 class=\"wp-block-heading\">Odr\u017eavanje higijene<\/h3>\n\n\n\n<ul class=\"wp-block-list\"><li>Perite ruke \u010desto i u klju\u010dnim trenucima (dok ulazite u zgradu, pre i posle ru\u010dka, posle sporta itd.) &#8211; u svakom kupatilu postoje uputstva za pranje ruku<\/li><li>Koristite sredstvo za dezinfekciju ruku &#8211; svaki sprat ima bocu kao i svaka kancelarija<\/li><li>Izbegavajte da dodirujete lice<\/li><li>Izbegavajte kontakt sa ljudima koji su bolesni<\/li><li>Ostanite kod ku\u0107e kad ste bolesni<\/li><li>Pokrijte ka\u0161alj i kijanje &#8211; uhvatite ga, bacite ga, elimini\u0161ite ga<\/li><\/ul>\n\n\n\n<h3 class=\"wp-block-heading\">Bezbednost u u\u010dionici<\/h3>\n\n\n\n<ul class=\"wp-block-list\"><li>Va\u0161 nastavnik \u0107e koristiti sprej za dezinfekciju u svakom razredu za redovno saniranje va\u0161eg stola<\/li><li>Ne pomerajte polo\u017eaj stolova ili stolica. Sedite tamo gde vam nastavnik ka\u017ee<\/li><li>Ne uklju\u010duje klima ure\u0111aje<\/li><li>Tamo gde je to mogu\u0107e, proverite da li su prozori otvoreni<\/li><li>Izbegavajte kretanje kad ne morate (nemojte ustajati da biste nao\u0161trili olovku)<\/li><\/ul>\n\n\n\n<h3 class=\"wp-block-heading\">Li\u010dna za\u0161titna oprema<\/h3>\n\n\n\n<ul class=\"wp-block-list\"><li>Maske za lice su obavezne &#8211; ponesite ih od ku\u0107e<\/li><li>Stavite masku pre nego \u0161to u\u0111ete u \u0161kolsko dvori\u0161te<\/li><li>Nosite masku za lice na otvorenom kada nije mogu\u0107e da odr\u017eite udaljenost od 2,0 m od drugih<\/li><li>Nosite masku za lice u zatvorenom kad su prisutni drugi ljudi<\/li><li>Mo\u017eete skinuti masku ako sedite za stolom i slu\u0161ate u\u010ditelja. Ako \u017eelite da razgovarate, postavite pitanje ili ustanete, morate ponovo da stavite masku<\/li><\/ul>\n","protected":false},"excerpt":{"rendered":"<p>Plan bezbednosti i prevencije Va\u017eno je da svi zajedno radimo kako bismo spre\u010dili \u0161irenje virusa i ostali sigurni u \u0161koli Fizi\u010dko distanciranje Odr\u017eavajte sigurnu udaljenost (u\u010dionice, kafeterija, hodnici, bilo gde na \u0161kolskom terenu) Za ru\u010dak koristite sistem \u010dekanja u redu i slu\u0161ajte de\u017eurnog nastavnika Izbegavajte dodirivanje \u0160ta da radim ako se ne ose\u0107am dobro? Stay [&hellip;]<\/p>\n","protected":false},"author":1,"featured_media":1027,"parent":0,"menu_order":15,"comment_status":"closed","ping_status":"closed","template":"tmp-covid19.php","meta":{"footnotes":""},"class_list":["post-2011","page","type-page","status-publish","has-post-thumbnail","hentry"],"_links":{"self":[{"href":"https:\/\/www.brookhillkindergarten.edu.rs\/sr\/wp-json\/wp\/v2\/pages\/2011","targetHints":{"allow":["GET"]}}],"collection":[{"href":"https:\/\/www.brookhillkindergarten.edu.rs\/sr\/wp-json\/wp\/v2\/pages"}],"about":[{"href":"https:\/\/www.brookhillkindergarten.edu.rs\/sr\/wp-json\/wp\/v2\/types\/page"}],"author":[{"embeddable":true,"href":"https:\/\/www.brookhillkindergarten.edu.rs\/sr\/wp-json\/wp\/v2\/users\/1"}],"replies":[{"embeddable":true,"href":"https:\/\/www.brookhillkindergarten.edu.rs\/sr\/wp-json\/wp\/v2\/comments?post=2011"}],"version-history":[{"count":2,"href":"https:\/\/www.brookhillkindergarten.edu.rs\/sr\/wp-json\/wp\/v2\/pages\/2011\/revisions"}],"predecessor-version":[{"id":3331,"href":"https:\/\/www.brookhillkindergarten.edu.rs\/sr\/wp-json\/wp\/v2\/pages\/2011\/revisions\/3331"}],"wp:featuredmedia":[{"embeddable":true,"href":"https:\/\/www.brookhillkindergarten.edu.rs\/sr\/wp-json\/wp\/v2\/media\/1027"}],"wp:attachment":[{"href":"https:\/\/www.brookhillkindergarten.edu.rs\/sr\/wp-json\/wp\/v2\/media?parent=2011"}],"curies":[{"name":"wp","href":"https:\/\/api.w.org\/{rel}","templated":true}]}}