{"id":2017,"date":"2021-03-26T12:08:56","date_gmt":"2021-03-26T12:08:56","guid":{"rendered":"http:\/\/localhost\/brookhill\/calendar\/"},"modified":"2024-06-24T06:09:19","modified_gmt":"2024-06-24T06:09:19","slug":"calendar","status":"publish","type":"page","link":"https:\/\/www.brookhillkindergarten.edu.rs\/sr\/calendar\/","title":{"rendered":"\u0160kolski kalendar"},"content":{"rendered":"\n<p><\/p>\n\n\n\n<h2 class=\"wp-block-heading has-text-align-center\">Kalendar Vrti\u0107a<\/h2>\n\n\n\n<div style=\"height:100px\" aria-hidden=\"true\" class=\"wp-block-spacer\"><\/div>\n\n\n\n<p><\/p>\n\n\n\n<p class=\"has-text-align-left\">Mi smo internacionalni vrti\u0107 koji prima mali\u0161ane tokom cele godine.<\/p>\n\n\n\n<p class=\"has-text-align-left\">Uvek puni doga\u0111aja i aktivnosti za decu da u\u010de kroz zabavu i radost.<\/p>\n\n\n\n<p class=\"has-text-align-left\">U nastavku pogledajte kalendar za predstoje\u0107u godinu.<\/p>\n\n\n\n<p class=\"has-text-align-left\">Za preuzimanje kliknite na slede\u0107i link &#8211; <a href=\"https:\/\/www.brookhillkindergarten.edu.rs\/wp-content\/uploads\/2024\/06\/Kindergarten-Calendar-2024-2025.pdf\" data-type=\"link\" data-id=\"https:\/\/www.brookhillkindergarten.edu.rs\/wp-content\/uploads\/2024\/06\/Kindergarten-Calendar-2024-2025.pdf\">Kalendar vrti\u0107a 2024-2025<\/a> ili tako\u0111e na sliku.<\/p>\n\n\n\n<figure class=\"wp-block-image size-full\"><img decoding=\"async\" width=\"1125\" height=\"1625\" src=\"https:\/\/www.brookhillkindergarten.edu.rs\/wp-content\/uploads\/2024\/06\/Kindergarten-Calendar-2024-2025_page-0001.jpg\" alt=\"\" class=\"wp-image-3975\" srcset=\"https:\/\/www.brookhillkindergarten.edu.rs\/wp-content\/uploads\/2024\/06\/Kindergarten-Calendar-2024-2025_page-0001.jpg 1125w, https:\/\/www.brookhillkindergarten.edu.rs\/wp-content\/uploads\/2024\/06\/Kindergarten-Calendar-2024-2025_page-0001-208x300.jpg 208w, https:\/\/www.brookhillkindergarten.edu.rs\/wp-content\/uploads\/2024\/06\/Kindergarten-Calendar-2024-2025_page-0001-709x1024.jpg 709w, https:\/\/www.brookhillkindergarten.edu.rs\/wp-content\/uploads\/2024\/06\/Kindergarten-Calendar-2024-2025_page-0001-768x1109.jpg 768w, https:\/\/www.brookhillkindergarten.edu.rs\/wp-content\/uploads\/2024\/06\/Kindergarten-Calendar-2024-2025_page-0001-1063x1536.jpg 1063w, https:\/\/www.brookhillkindergarten.edu.rs\/wp-content\/uploads\/2024\/06\/Kindergarten-Calendar-2024-2025_page-0001-14x20.jpg 14w\" sizes=\"(max-width: 1125px) 100vw, 1125px\" \/><\/figure>\n","protected":false},"excerpt":{"rendered":"<p>Kalendar Vrti\u0107a Mi smo internacionalni vrti\u0107 koji prima mali\u0161ane tokom cele godine. Uvek puni doga\u0111aja i aktivnosti za decu da u\u010de kroz zabavu i radost. U nastavku pogledajte kalendar za predstoje\u0107u godinu. Za preuzimanje kliknite na slede\u0107i link &#8211; Kalendar vrti\u0107a 2024-2025 ili tako\u0111e na sliku.<\/p>\n","protected":false},"author":1,"featured_media":0,"parent":0,"menu_order":20,"comment_status":"closed","ping_status":"closed","template":"tmp-calendar.php","meta":{"footnotes":""},"class_list":["post-2017","page","type-page","status-publish","hentry"],"_links":{"self":[{"href":"https:\/\/www.brookhillkindergarten.edu.rs\/sr\/wp-json\/wp\/v2\/pages\/2017","targetHints":{"allow":["GET"]}}],"collection":[{"href":"https:\/\/www.brookhillkindergarten.edu.rs\/sr\/wp-json\/wp\/v2\/pages"}],"about":[{"href":"https:\/\/www.brookhillkindergarten.edu.rs\/sr\/wp-json\/wp\/v2\/types\/page"}],"author":[{"embeddable":true,"href":"https:\/\/www.brookhillkindergarten.edu.rs\/sr\/wp-json\/wp\/v2\/users\/1"}],"replies":[{"embeddable":true,"href":"https:\/\/www.brookhillkindergarten.edu.rs\/sr\/wp-json\/wp\/v2\/comments?post=2017"}],"version-history":[{"count":10,"href":"https:\/\/www.brookhillkindergarten.edu.rs\/sr\/wp-json\/wp\/v2\/pages\/2017\/revisions"}],"predecessor-version":[{"id":3978,"href":"https:\/\/www.brookhillkindergarten.edu.rs\/sr\/wp-json\/wp\/v2\/pages\/2017\/revisions\/3978"}],"wp:attachment":[{"href":"https:\/\/www.brookhillkindergarten.edu.rs\/sr\/wp-json\/wp\/v2\/media?parent=2017"}],"curies":[{"name":"wp","href":"https:\/\/api.w.org\/{rel}","templated":true}]}}